{"id":15138,"date":"2020-02-24T13:19:55","date_gmt":"2020-02-24T12:19:55","guid":{"rendered":"https:\/\/www.buonanotte.sk\/prodotto\/giada\/"},"modified":"2022-01-10T16:20:17","modified_gmt":"2022-01-10T15:20:17","slug":"giada","status":"publish","type":"product","link":"https:\/\/www.buonanotte.sk\/it\/prodotto\/giada\/","title":{"rendered":"Giada"},"content":{"rendered":"<div class=\"wpb-content-wrapper\"><p>[vc_row][vc_column width=&#8221;2\/3&#8243; css=&#8221;.vc_custom_1493311995147{padding-bottom: 0px !important;}&#8221;][vc_column_text]<br \/>\nMaterasso\u00a0<b>ortopedico di alta qualit\u00e0<\/b>\u00a0con un\u2019anima di densit\u00e0 30 kg\/m<sup>3<\/sup>\u00a0che garantisce durabilit\u00e0, salubrit\u00e0 ed un\u2019ottima portanza. A questa base ortopedica \u00e8 stato abbinato uno strato di 2 cm di\u00a0<b>memory foam<\/b>, trapuntato nella fodera, per rendere il materasso pi\u00f9 accogliente ed ergonomico. Il rivestimento in\u00a0<b>SILVER FRESH<\/b>\u00a0abbina alle\u00a0<b>qualit\u00e0 antibatteriche e rilassanti dell\u2019argento<\/b>\u00a0un particolare filato che ha la\u00a0<b>propriet\u00e0 di disperdere il calore\u00a0<\/b><b>in eccesso<\/b>\u00a0aumentando in tal modo il comfort del sistema letto. La bordatura presenta una speciale\u00a0<b>banda in materiale tecnico 3D<\/b>\u00a0che permette una\u00a0<b>maggior aerazione<\/b>\u00a0del giaciglio favorendo l\u2019espulsione dell\u2019umidit\u00e0 residua migliorando cos\u00ec la salubrit\u00e0 e la durabilit\u00e0 del materasso. La particolare\u00a0<b>trapuntatura a disegno piazzato<\/b>\u00a0richiama\u00a0<b>stile e fantasia<\/b>\u00a0impreziosendo l\u2019intera camera da letto. Il materasso\u00a0<b>pu\u00f2 essere utilizzato\u00a0<\/b><b>da entrambi i lati<\/b>, dal lato ortopedico per chi desidera una maggior durezza oppure dall\u2019altro lato per chi invece vuole godere del comfort del memory foam.<br \/>\n[\/vc_column_text][vc_row_inner][vc_column_inner][vc_column_text]<img loading=\"lazy\" decoding=\"async\" class=\" wd-lazy-fade alignleft size-full wp-image-3389\" src=\"https:\/\/www.buonanotte.sk\/wp-content\/themes\/woodmart\/images\/lazy.svg\" data-src=\"https:\/\/www.buonanotte.sk\/wp-content\/uploads\/2016\/03\/20cm-1-e1496762765369.png\" alt=\"\" width=\"60\" height=\"91\" \/><img loading=\"lazy\" decoding=\"async\" class=\" wd-lazy-fade alignleft size-full wp-image-3410\" src=\"https:\/\/www.buonanotte.sk\/wp-content\/themes\/woodmart\/images\/lazy.svg\" data-src=\"https:\/\/www.buonanotte.sk\/wp-content\/uploads\/2016\/03\/130kg-e1496762691109.png\" alt=\"\" width=\"60\" height=\"91\" \/><img loading=\"lazy\" decoding=\"async\" class=\" wd-lazy-fade alignleft size-full wp-image-2596\" src=\"https:\/\/www.buonanotte.sk\/wp-content\/themes\/woodmart\/images\/lazy.svg\" data-src=\"https:\/\/www.buonanotte.sk\/wp-content\/uploads\/2017\/04\/memoey-e1496762787494.png\" alt=\"\" width=\"60\" height=\"91\" \/><img loading=\"lazy\" decoding=\"async\" class=\" wd-lazy-fade alignleft size-full wp-image-3562\" src=\"https:\/\/www.buonanotte.sk\/wp-content\/themes\/woodmart\/images\/lazy.svg\" data-src=\"https:\/\/www.buonanotte.sk\/wp-content\/uploads\/2017\/04\/traspirante-e1496761657421.png\" alt=\"\" width=\"60\" height=\"91\" \/><img loading=\"lazy\" decoding=\"async\" class=\" wd-lazy-fade alignleft size-full wp-image-2573\" src=\"https:\/\/www.buonanotte.sk\/wp-content\/themes\/woodmart\/images\/lazy.svg\" data-src=\"https:\/\/www.buonanotte.sk\/wp-content\/uploads\/2017\/04\/antibatterico-1-e1496761885622.png\" alt=\"\" width=\"60\" height=\"91\" \/><img loading=\"lazy\" decoding=\"async\" class=\" wd-lazy-fade alignleft size-full wp-image-2570\" src=\"https:\/\/www.buonanotte.sk\/wp-content\/themes\/woodmart\/images\/lazy.svg\" data-src=\"https:\/\/www.buonanotte.sk\/wp-content\/uploads\/2017\/04\/antiacaro-2-e1496762830975.png\" alt=\"\" width=\"60\" height=\"91\" \/>[\/vc_column_text][\/vc_column_inner][\/vc_row_inner][\/vc_column][vc_column width=&#8221;1\/3&#8243;][vc_column_text]<img loading=\"lazy\" decoding=\"async\" class=\" wd-lazy-fade alignleft size-full wp-image-2486\" src=\"https:\/\/www.buonanotte.sk\/wp-content\/themes\/woodmart\/images\/lazy.svg\" data-src=\"https:\/\/www.buonanotte.sk\/wp-content\/uploads\/2016\/03\/handmade-7.png\" alt=\"\" width=\"580\" height=\"220\" srcset=\"\" data-srcset=\"https:\/\/www.buonanotte.sk\/wp-content\/uploads\/2016\/03\/handmade-7.png 580w, https:\/\/www.buonanotte.sk\/wp-content\/uploads\/2016\/03\/handmade-7-250x95.png 250w, https:\/\/www.buonanotte.sk\/wp-content\/uploads\/2016\/03\/handmade-7-150x57.png 150w, https:\/\/www.buonanotte.sk\/wp-content\/uploads\/2016\/03\/handmade-7-300x114.png 300w\" sizes=\"auto, (max-width: 580px) 100vw, 580px\" \/>[\/vc_column_text][vc_column_text]<img loading=\"lazy\" decoding=\"async\" class=\" wd-lazy-fade alignleft size-full wp-image-2486\" src=\"https:\/\/www.buonanotte.sk\/wp-content\/themes\/woodmart\/images\/lazy.svg\" data-src=\"https:\/\/www.buonanotte.sk\/wp-content\/uploads\/2016\/03\/arrotolato-3.png\" alt=\"\" width=\"580\" height=\"220\" \/>[\/vc_column_text][\/vc_column][\/vc_row]<\/p>\n<\/div>","protected":false},"excerpt":{"rendered":"<p>[vc_row][vc_column width=&#8221;2\/3&#8243; css=&#8221;.vc_custom_1493311995147{padding-bottom: 0px !important;}&#8221;][vc_column_text] Materasso\u00a0ortopedico di alta qualit\u00e0\u00a0con un\u2019anima di densit\u00e0 30 kg\/m3\u00a0che garantisce durabilit\u00e0, salubrit\u00e0 ed un\u2019ottima portanza.<\/p>\n","protected":false},"featured_media":16089,"comment_status":"open","ping_status":"closed","template":"","meta":{"_monsterinsights_skip_tracking":false,"_monsterinsights_sitenote_active":false,"_monsterinsights_sitenote_note":"","_monsterinsights_sitenote_category":0},"product_brand":[],"product_cat":[74,414],"product_tag":[],"class_list":{"0":"post-15138","1":"product","2":"type-product","3":"status-publish","4":"has-post-thumbnail","6":"product_cat-materassi","7":"product_cat-per-adulti","8":"pa_1vyska-20cm","9":"pa_2sirka-140-cm","10":"pa_2sirka-160-cm","11":"pa_2sirka-180-cm","12":"pa_2sirka-80-cm","13":"pa_2sirka-90-cm","14":"pa_3dlzka-190-cm","15":"pa_3dlzka-200-cm","17":"first","18":"instock","19":"shipping-taxable","20":"purchasable","21":"product-type-variable","22":"has-default-attributes"},"yoast_head":"<!-- This site is optimized with the Yoast SEO plugin v25.2 - https:\/\/yoast.com\/wordpress\/plugins\/seo\/ -->\n<title>Giada - buonanotte.sk<\/title>\n<meta name=\"robots\" content=\"index, follow, max-snippet:-1, max-image-preview:large, max-video-preview:-1\" \/>\n<link rel=\"canonical\" href=\"https:\/\/www.buonanotte.sk\/it\/prodotto\/giada\/\" \/>\n<meta property=\"og:locale\" content=\"it_IT\" \/>\n<meta property=\"og:type\" content=\"article\" \/>\n<meta property=\"og:title\" content=\"Giada - buonanotte.sk\" \/>\n<meta property=\"og:description\" content=\"[vc_row][vc_column width=&#8221;2\/3&#8243; css=&#8221;.vc_custom_1493311995147{padding-bottom: 0px !important;}&#8221;][vc_column_text] Materasso\u00a0ortopedico di alta qualit\u00e0\u00a0con un\u2019anima di densit\u00e0 30 kg\/m3\u00a0che garantisce durabilit\u00e0, salubrit\u00e0 ed un\u2019ottima portanza.\" \/>\n<meta property=\"og:url\" content=\"https:\/\/www.buonanotte.sk\/it\/prodotto\/giada\/\" \/>\n<meta property=\"og:site_name\" content=\"buonanotte.sk\" \/>\n<meta property=\"article:modified_time\" content=\"2022-01-10T15:20:17+00:00\" \/>\n<meta property=\"og:image\" content=\"https:\/\/www.buonanotte.sk\/wp-content\/uploads\/2020\/02\/giada-2.jpg\" \/>\n\t<meta property=\"og:image:width\" content=\"1600\" \/>\n\t<meta property=\"og:image:height\" content=\"1600\" \/>\n\t<meta property=\"og:image:type\" content=\"image\/jpeg\" \/>\n<meta name=\"twitter:card\" content=\"summary_large_image\" \/>\n<meta name=\"twitter:label1\" content=\"Tempo di lettura stimato\" \/>\n\t<meta name=\"twitter:data1\" content=\"1 minuto\" \/>\n<script type=\"application\/ld+json\" class=\"yoast-schema-graph\">{\"@context\":\"https:\/\/schema.org\",\"@graph\":[{\"@type\":\"WebPage\",\"@id\":\"https:\/\/www.buonanotte.sk\/it\/prodotto\/giada\/\",\"url\":\"https:\/\/www.buonanotte.sk\/it\/prodotto\/giada\/\",\"name\":\"Giada - buonanotte.sk\",\"isPartOf\":{\"@id\":\"https:\/\/www.buonanotte.sk\/#website\"},\"primaryImageOfPage\":{\"@id\":\"https:\/\/www.buonanotte.sk\/it\/prodotto\/giada\/#primaryimage\"},\"image\":{\"@id\":\"https:\/\/www.buonanotte.sk\/it\/prodotto\/giada\/#primaryimage\"},\"thumbnailUrl\":\"https:\/\/www.buonanotte.sk\/wp-content\/uploads\/2020\/02\/giada-2.jpg\",\"datePublished\":\"2020-02-24T12:19:55+00:00\",\"dateModified\":\"2022-01-10T15:20:17+00:00\",\"breadcrumb\":{\"@id\":\"https:\/\/www.buonanotte.sk\/it\/prodotto\/giada\/#breadcrumb\"},\"inLanguage\":\"it-IT\",\"potentialAction\":[{\"@type\":\"ReadAction\",\"target\":[\"https:\/\/www.buonanotte.sk\/it\/prodotto\/giada\/\"]}]},{\"@type\":\"ImageObject\",\"inLanguage\":\"it-IT\",\"@id\":\"https:\/\/www.buonanotte.sk\/it\/prodotto\/giada\/#primaryimage\",\"url\":\"https:\/\/www.buonanotte.sk\/wp-content\/uploads\/2020\/02\/giada-2.jpg\",\"contentUrl\":\"https:\/\/www.buonanotte.sk\/wp-content\/uploads\/2020\/02\/giada-2.jpg\",\"width\":1600,\"height\":1600},{\"@type\":\"BreadcrumbList\",\"@id\":\"https:\/\/www.buonanotte.sk\/it\/prodotto\/giada\/#breadcrumb\",\"itemListElement\":[{\"@type\":\"ListItem\",\"position\":1,\"name\":\"Home\",\"item\":\"https:\/\/www.buonanotte.sk\/it\/\"},{\"@type\":\"ListItem\",\"position\":2,\"name\":\"Obchod\",\"item\":\"https:\/\/www.buonanotte.sk\/obchod\/\"},{\"@type\":\"ListItem\",\"position\":3,\"name\":\"Giada\"}]},{\"@type\":\"WebSite\",\"@id\":\"https:\/\/www.buonanotte.sk\/#website\",\"url\":\"https:\/\/www.buonanotte.sk\/\",\"name\":\"buonanotte.sk\",\"description\":\"e-shop materassi correttori cuscini e piumoni\",\"publisher\":{\"@id\":\"https:\/\/www.buonanotte.sk\/#organization\"},\"potentialAction\":[{\"@type\":\"SearchAction\",\"target\":{\"@type\":\"EntryPoint\",\"urlTemplate\":\"https:\/\/www.buonanotte.sk\/?s={search_term_string}\"},\"query-input\":{\"@type\":\"PropertyValueSpecification\",\"valueRequired\":true,\"valueName\":\"search_term_string\"}}],\"inLanguage\":\"it-IT\"},{\"@type\":\"Organization\",\"@id\":\"https:\/\/www.buonanotte.sk\/#organization\",\"name\":\"BUONA NOTTE s.r.o.\",\"url\":\"https:\/\/www.buonanotte.sk\/\",\"logo\":{\"@type\":\"ImageObject\",\"inLanguage\":\"it-IT\",\"@id\":\"https:\/\/www.buonanotte.sk\/#\/schema\/logo\/image\/\",\"url\":\"https:\/\/www.buonanotte.sk\/wp-content\/uploads\/2016\/05\/logook.jpg\",\"contentUrl\":\"https:\/\/www.buonanotte.sk\/wp-content\/uploads\/2016\/05\/logook.jpg\",\"width\":126,\"height\":55,\"caption\":\"BUONA NOTTE s.r.o.\"},\"image\":{\"@id\":\"https:\/\/www.buonanotte.sk\/#\/schema\/logo\/image\/\"}}]}<\/script>\n<!-- \/ Yoast SEO plugin. -->","yoast_head_json":{"title":"Giada - buonanotte.sk","robots":{"index":"index","follow":"follow","max-snippet":"max-snippet:-1","max-image-preview":"max-image-preview:large","max-video-preview":"max-video-preview:-1"},"canonical":"https:\/\/www.buonanotte.sk\/it\/prodotto\/giada\/","og_locale":"it_IT","og_type":"article","og_title":"Giada - buonanotte.sk","og_description":"[vc_row][vc_column width=&#8221;2\/3&#8243; css=&#8221;.vc_custom_1493311995147{padding-bottom: 0px !important;}&#8221;][vc_column_text] Materasso\u00a0ortopedico di alta qualit\u00e0\u00a0con un\u2019anima di densit\u00e0 30 kg\/m3\u00a0che garantisce durabilit\u00e0, salubrit\u00e0 ed un\u2019ottima portanza.","og_url":"https:\/\/www.buonanotte.sk\/it\/prodotto\/giada\/","og_site_name":"buonanotte.sk","article_modified_time":"2022-01-10T15:20:17+00:00","og_image":[{"width":1600,"height":1600,"url":"https:\/\/www.buonanotte.sk\/wp-content\/uploads\/2020\/02\/giada-2.jpg","type":"image\/jpeg"}],"twitter_card":"summary_large_image","twitter_misc":{"Tempo di lettura stimato":"1 minuto"},"schema":{"@context":"https:\/\/schema.org","@graph":[{"@type":"WebPage","@id":"https:\/\/www.buonanotte.sk\/it\/prodotto\/giada\/","url":"https:\/\/www.buonanotte.sk\/it\/prodotto\/giada\/","name":"Giada - buonanotte.sk","isPartOf":{"@id":"https:\/\/www.buonanotte.sk\/#website"},"primaryImageOfPage":{"@id":"https:\/\/www.buonanotte.sk\/it\/prodotto\/giada\/#primaryimage"},"image":{"@id":"https:\/\/www.buonanotte.sk\/it\/prodotto\/giada\/#primaryimage"},"thumbnailUrl":"https:\/\/www.buonanotte.sk\/wp-content\/uploads\/2020\/02\/giada-2.jpg","datePublished":"2020-02-24T12:19:55+00:00","dateModified":"2022-01-10T15:20:17+00:00","breadcrumb":{"@id":"https:\/\/www.buonanotte.sk\/it\/prodotto\/giada\/#breadcrumb"},"inLanguage":"it-IT","potentialAction":[{"@type":"ReadAction","target":["https:\/\/www.buonanotte.sk\/it\/prodotto\/giada\/"]}]},{"@type":"ImageObject","inLanguage":"it-IT","@id":"https:\/\/www.buonanotte.sk\/it\/prodotto\/giada\/#primaryimage","url":"https:\/\/www.buonanotte.sk\/wp-content\/uploads\/2020\/02\/giada-2.jpg","contentUrl":"https:\/\/www.buonanotte.sk\/wp-content\/uploads\/2020\/02\/giada-2.jpg","width":1600,"height":1600},{"@type":"BreadcrumbList","@id":"https:\/\/www.buonanotte.sk\/it\/prodotto\/giada\/#breadcrumb","itemListElement":[{"@type":"ListItem","position":1,"name":"Home","item":"https:\/\/www.buonanotte.sk\/it\/"},{"@type":"ListItem","position":2,"name":"Obchod","item":"https:\/\/www.buonanotte.sk\/obchod\/"},{"@type":"ListItem","position":3,"name":"Giada"}]},{"@type":"WebSite","@id":"https:\/\/www.buonanotte.sk\/#website","url":"https:\/\/www.buonanotte.sk\/","name":"buonanotte.sk","description":"e-shop materassi correttori cuscini e piumoni","publisher":{"@id":"https:\/\/www.buonanotte.sk\/#organization"},"potentialAction":[{"@type":"SearchAction","target":{"@type":"EntryPoint","urlTemplate":"https:\/\/www.buonanotte.sk\/?s={search_term_string}"},"query-input":{"@type":"PropertyValueSpecification","valueRequired":true,"valueName":"search_term_string"}}],"inLanguage":"it-IT"},{"@type":"Organization","@id":"https:\/\/www.buonanotte.sk\/#organization","name":"BUONA NOTTE s.r.o.","url":"https:\/\/www.buonanotte.sk\/","logo":{"@type":"ImageObject","inLanguage":"it-IT","@id":"https:\/\/www.buonanotte.sk\/#\/schema\/logo\/image\/","url":"https:\/\/www.buonanotte.sk\/wp-content\/uploads\/2016\/05\/logook.jpg","contentUrl":"https:\/\/www.buonanotte.sk\/wp-content\/uploads\/2016\/05\/logook.jpg","width":126,"height":55,"caption":"BUONA NOTTE s.r.o."},"image":{"@id":"https:\/\/www.buonanotte.sk\/#\/schema\/logo\/image\/"}}]}},"_links":{"self":[{"href":"https:\/\/www.buonanotte.sk\/it\/wp-json\/wp\/v2\/product\/15138","targetHints":{"allow":["GET"]}}],"collection":[{"href":"https:\/\/www.buonanotte.sk\/it\/wp-json\/wp\/v2\/product"}],"about":[{"href":"https:\/\/www.buonanotte.sk\/it\/wp-json\/wp\/v2\/types\/product"}],"replies":[{"embeddable":true,"href":"https:\/\/www.buonanotte.sk\/it\/wp-json\/wp\/v2\/comments?post=15138"}],"wp:featuredmedia":[{"embeddable":true,"href":"https:\/\/www.buonanotte.sk\/it\/wp-json\/wp\/v2\/media\/16089"}],"wp:attachment":[{"href":"https:\/\/www.buonanotte.sk\/it\/wp-json\/wp\/v2\/media?parent=15138"}],"wp:term":[{"taxonomy":"product_brand","embeddable":true,"href":"https:\/\/www.buonanotte.sk\/it\/wp-json\/wp\/v2\/product_brand?post=15138"},{"taxonomy":"product_cat","embeddable":true,"href":"https:\/\/www.buonanotte.sk\/it\/wp-json\/wp\/v2\/product_cat?post=15138"},{"taxonomy":"product_tag","embeddable":true,"href":"https:\/\/www.buonanotte.sk\/it\/wp-json\/wp\/v2\/product_tag?post=15138"}],"curies":[{"name":"wp","href":"https:\/\/api.w.org\/{rel}","templated":true}]}}