{"id":15019,"date":"2017-04-20T13:40:38","date_gmt":"2017-04-20T11:40:38","guid":{"rendered":"https:\/\/www.buonanotte.sk\/prodotto\/gita-it\/"},"modified":"2020-11-20T08:40:53","modified_gmt":"2020-11-20T07:40:53","slug":"gita-it","status":"publish","type":"product","link":"https:\/\/www.buonanotte.sk\/it\/prodotto\/gita-it\/","title":{"rendered":"Gita"},"content":{"rendered":"<div class=\"wpb-content-wrapper\"><p>[vc_row][vc_column width=&#8221;2\/3&#8243; css=&#8221;.vc_custom_1493311995147{padding-bottom: 0px !important;}&#8221;][vc_column_text]<\/p>\n<p align=\"justify\"><b>Cuscino ergonomico in memory foam <\/b>pensato per chiunque si metta in viaggio, che sia in auto, in treno oppure in aereo. Qualunque sia la meta questo cuscino vi accompagner\u00e0 e <b>render\u00e0 pi\u00f9 confortevole il vostro viaggio<\/b>. Con la sua particolare forma ad \u201cU\u201d offre un <b>bilanciato sostegno a collo e testa<\/b> evitando in tal modo fastidiose tensioni nel tratto cervicale. La <b>banda d\u2019aerazione in materiale tecnico 3D<\/b> posta sull\u2019esterno del cuscino favorisce l\u2019aerazione dello stesso e <b>la stoffa antibatterica <\/b><b>SILVER ANTISTRESS<\/b> ne migliora ulteriormente la salubrit\u00e0. La zip, posta sul retro del cuscino, lo rende completamente <b>sfoderabile<\/b> e quindi <b>lavabile<\/b>.<\/p>\n<p>[\/vc_column_text][vc_row_inner][vc_column_inner][vc_column_text]<img loading=\"lazy\" decoding=\"async\" class=\" wd-lazy-fade alignleft size-full wp-image-2596\" src=\"https:\/\/www.buonanotte.sk\/wp-content\/themes\/woodmart\/images\/lazy.svg\" data-src=\"https:\/\/www.buonanotte.sk\/wp-content\/uploads\/2017\/04\/memoey-e1496762787494.png\" alt=\"\" width=\"60\" height=\"91\" \/><img loading=\"lazy\" decoding=\"async\" class=\" wd-lazy-fade alignleft size-full wp-image-3562\" src=\"https:\/\/www.buonanotte.sk\/wp-content\/themes\/woodmart\/images\/lazy.svg\" data-src=\"https:\/\/www.buonanotte.sk\/wp-content\/uploads\/2017\/04\/traspirante-e1496761657421.png\" alt=\"\" width=\"60\" height=\"91\" \/><img loading=\"lazy\" decoding=\"async\" class=\" wd-lazy-fade alignleft size-full wp-image-2593\" src=\"https:\/\/www.buonanotte.sk\/wp-content\/themes\/woodmart\/images\/lazy.svg\" data-src=\"https:\/\/www.buonanotte.sk\/wp-content\/uploads\/2017\/04\/sfoderabile-e1496762797620.png\" alt=\"\" width=\"60\" height=\"91\" \/><img loading=\"lazy\" decoding=\"async\" class=\" wd-lazy-fade size-full wp-image-10840 alignleft\" src=\"https:\/\/www.buonanotte.sk\/wp-content\/themes\/woodmart\/images\/lazy.svg\" data-src=\"https:\/\/www.buonanotte.sk\/wp-content\/uploads\/2018\/11\/lavabile-e1542641519667.png\" alt=\"\" width=\"60\" height=\"91\" \/><img loading=\"lazy\" decoding=\"async\" class=\" wd-lazy-fade alignleft size-full wp-image-2573\" src=\"https:\/\/www.buonanotte.sk\/wp-content\/themes\/woodmart\/images\/lazy.svg\" data-src=\"https:\/\/www.buonanotte.sk\/wp-content\/uploads\/2017\/04\/antibatterico-1-e1496761885622.png\" alt=\"\" width=\"60\" height=\"91\" \/><img loading=\"lazy\" decoding=\"async\" class=\" wd-lazy-fade alignleft size-full wp-image-2570\" src=\"https:\/\/www.buonanotte.sk\/wp-content\/themes\/woodmart\/images\/lazy.svg\" data-src=\"https:\/\/www.buonanotte.sk\/wp-content\/uploads\/2017\/04\/antiacaro-2-e1496762830975.png\" alt=\"\" width=\"60\" height=\"91\" \/>[\/vc_column_text][\/vc_column_inner][\/vc_row_inner][\/vc_column][vc_column width=&#8221;1\/3&#8243;][vc_column_text]<img loading=\"lazy\" decoding=\"async\" class=\" wd-lazy-fade alignleft size-full wp-image-2486\" src=\"https:\/\/www.buonanotte.sk\/wp-content\/themes\/woodmart\/images\/lazy.svg\" data-src=\"https:\/\/www.buonanotte.sk\/wp-content\/uploads\/2016\/03\/handmade-7.png\" alt=\"\" width=\"580\" height=\"220\" srcset=\"\" data-srcset=\"https:\/\/www.buonanotte.sk\/wp-content\/uploads\/2016\/03\/handmade-7.png 580w, https:\/\/www.buonanotte.sk\/wp-content\/uploads\/2016\/03\/handmade-7-250x95.png 250w, https:\/\/www.buonanotte.sk\/wp-content\/uploads\/2016\/03\/handmade-7-150x57.png 150w, https:\/\/www.buonanotte.sk\/wp-content\/uploads\/2016\/03\/handmade-7-300x114.png 300w\" sizes=\"auto, (max-width: 580px) 100vw, 580px\" \/>[\/vc_column_text][\/vc_column][\/vc_row]<\/p>\n<\/div>","protected":false},"excerpt":{"rendered":"<p>[vc_row][vc_column width=&#8221;2\/3&#8243; css=&#8221;.vc_custom_1493311995147{padding-bottom: 0px !important;}&#8221;][vc_column_text] Cuscino ergonomico in memory foam pensato per chiunque si metta in viaggio, che sia in<\/p>\n","protected":false},"featured_media":16098,"comment_status":"open","ping_status":"closed","template":"","meta":{"_monsterinsights_skip_tracking":false,"_monsterinsights_sitenote_active":false,"_monsterinsights_sitenote_note":"","_monsterinsights_sitenote_category":0},"product_brand":[],"product_cat":[76],"product_tag":[],"class_list":{"0":"post-15019","1":"product","2":"type-product","3":"status-publish","4":"has-post-thumbnail","6":"product_cat-cuscini","8":"first","9":"instock","10":"shipping-taxable","11":"purchasable","12":"product-type-simple"},"yoast_head":"<!-- This site is optimized with the Yoast SEO plugin v25.2 - https:\/\/yoast.com\/wordpress\/plugins\/seo\/ -->\n<title>Gita - buonanotte.sk<\/title>\n<meta name=\"robots\" content=\"index, follow, max-snippet:-1, max-image-preview:large, max-video-preview:-1\" \/>\n<link rel=\"canonical\" href=\"https:\/\/www.buonanotte.sk\/it\/prodotto\/gita-it\/\" \/>\n<meta property=\"og:locale\" content=\"it_IT\" \/>\n<meta property=\"og:type\" content=\"article\" \/>\n<meta property=\"og:title\" content=\"Gita - buonanotte.sk\" \/>\n<meta property=\"og:description\" content=\"[vc_row][vc_column width=&#8221;2\/3&#8243; css=&#8221;.vc_custom_1493311995147{padding-bottom: 0px !important;}&#8221;][vc_column_text] Cuscino ergonomico in memory foam pensato per chiunque si metta in viaggio, che sia in\" \/>\n<meta property=\"og:url\" content=\"https:\/\/www.buonanotte.sk\/it\/prodotto\/gita-it\/\" \/>\n<meta property=\"og:site_name\" content=\"buonanotte.sk\" \/>\n<meta property=\"article:modified_time\" content=\"2020-11-20T07:40:53+00:00\" \/>\n<meta property=\"og:image\" content=\"https:\/\/www.buonanotte.sk\/wp-content\/uploads\/2017\/10\/gita.jpg\" \/>\n\t<meta property=\"og:image:width\" content=\"924\" \/>\n\t<meta property=\"og:image:height\" content=\"924\" \/>\n\t<meta property=\"og:image:type\" content=\"image\/jpeg\" \/>\n<meta name=\"twitter:card\" content=\"summary_large_image\" \/>\n<meta name=\"twitter:label1\" content=\"Tempo di lettura stimato\" \/>\n\t<meta name=\"twitter:data1\" content=\"1 minuto\" \/>\n<script type=\"application\/ld+json\" class=\"yoast-schema-graph\">{\"@context\":\"https:\/\/schema.org\",\"@graph\":[{\"@type\":\"WebPage\",\"@id\":\"https:\/\/www.buonanotte.sk\/it\/prodotto\/gita-it\/\",\"url\":\"https:\/\/www.buonanotte.sk\/it\/prodotto\/gita-it\/\",\"name\":\"Gita - buonanotte.sk\",\"isPartOf\":{\"@id\":\"https:\/\/www.buonanotte.sk\/#website\"},\"primaryImageOfPage\":{\"@id\":\"https:\/\/www.buonanotte.sk\/it\/prodotto\/gita-it\/#primaryimage\"},\"image\":{\"@id\":\"https:\/\/www.buonanotte.sk\/it\/prodotto\/gita-it\/#primaryimage\"},\"thumbnailUrl\":\"https:\/\/www.buonanotte.sk\/wp-content\/uploads\/2017\/04\/GITA-1.jpg\",\"datePublished\":\"2017-04-20T11:40:38+00:00\",\"dateModified\":\"2020-11-20T07:40:53+00:00\",\"breadcrumb\":{\"@id\":\"https:\/\/www.buonanotte.sk\/it\/prodotto\/gita-it\/#breadcrumb\"},\"inLanguage\":\"it-IT\",\"potentialAction\":[{\"@type\":\"ReadAction\",\"target\":[\"https:\/\/www.buonanotte.sk\/it\/prodotto\/gita-it\/\"]}]},{\"@type\":\"ImageObject\",\"inLanguage\":\"it-IT\",\"@id\":\"https:\/\/www.buonanotte.sk\/it\/prodotto\/gita-it\/#primaryimage\",\"url\":\"https:\/\/www.buonanotte.sk\/wp-content\/uploads\/2017\/04\/GITA-1.jpg\",\"contentUrl\":\"https:\/\/www.buonanotte.sk\/wp-content\/uploads\/2017\/04\/GITA-1.jpg\",\"width\":1600,\"height\":1600},{\"@type\":\"BreadcrumbList\",\"@id\":\"https:\/\/www.buonanotte.sk\/it\/prodotto\/gita-it\/#breadcrumb\",\"itemListElement\":[{\"@type\":\"ListItem\",\"position\":1,\"name\":\"Home\",\"item\":\"https:\/\/www.buonanotte.sk\/it\/\"},{\"@type\":\"ListItem\",\"position\":2,\"name\":\"Obchod\",\"item\":\"https:\/\/www.buonanotte.sk\/obchod\/\"},{\"@type\":\"ListItem\",\"position\":3,\"name\":\"Gita\"}]},{\"@type\":\"WebSite\",\"@id\":\"https:\/\/www.buonanotte.sk\/#website\",\"url\":\"https:\/\/www.buonanotte.sk\/\",\"name\":\"buonanotte.sk\",\"description\":\"e-shop materassi correttori cuscini e piumoni\",\"publisher\":{\"@id\":\"https:\/\/www.buonanotte.sk\/#organization\"},\"potentialAction\":[{\"@type\":\"SearchAction\",\"target\":{\"@type\":\"EntryPoint\",\"urlTemplate\":\"https:\/\/www.buonanotte.sk\/?s={search_term_string}\"},\"query-input\":{\"@type\":\"PropertyValueSpecification\",\"valueRequired\":true,\"valueName\":\"search_term_string\"}}],\"inLanguage\":\"it-IT\"},{\"@type\":\"Organization\",\"@id\":\"https:\/\/www.buonanotte.sk\/#organization\",\"name\":\"BUONA NOTTE s.r.o.\",\"url\":\"https:\/\/www.buonanotte.sk\/\",\"logo\":{\"@type\":\"ImageObject\",\"inLanguage\":\"it-IT\",\"@id\":\"https:\/\/www.buonanotte.sk\/#\/schema\/logo\/image\/\",\"url\":\"https:\/\/www.buonanotte.sk\/wp-content\/uploads\/2016\/05\/logook.jpg\",\"contentUrl\":\"https:\/\/www.buonanotte.sk\/wp-content\/uploads\/2016\/05\/logook.jpg\",\"width\":126,\"height\":55,\"caption\":\"BUONA NOTTE s.r.o.\"},\"image\":{\"@id\":\"https:\/\/www.buonanotte.sk\/#\/schema\/logo\/image\/\"}}]}<\/script>\n<!-- \/ Yoast SEO plugin. -->","yoast_head_json":{"title":"Gita - buonanotte.sk","robots":{"index":"index","follow":"follow","max-snippet":"max-snippet:-1","max-image-preview":"max-image-preview:large","max-video-preview":"max-video-preview:-1"},"canonical":"https:\/\/www.buonanotte.sk\/it\/prodotto\/gita-it\/","og_locale":"it_IT","og_type":"article","og_title":"Gita - buonanotte.sk","og_description":"[vc_row][vc_column width=&#8221;2\/3&#8243; css=&#8221;.vc_custom_1493311995147{padding-bottom: 0px !important;}&#8221;][vc_column_text] Cuscino ergonomico in memory foam pensato per chiunque si metta in viaggio, che sia in","og_url":"https:\/\/www.buonanotte.sk\/it\/prodotto\/gita-it\/","og_site_name":"buonanotte.sk","article_modified_time":"2020-11-20T07:40:53+00:00","og_image":[{"width":924,"height":924,"url":"https:\/\/www.buonanotte.sk\/wp-content\/uploads\/2017\/10\/gita.jpg","type":"image\/jpeg"}],"twitter_card":"summary_large_image","twitter_misc":{"Tempo di lettura stimato":"1 minuto"},"schema":{"@context":"https:\/\/schema.org","@graph":[{"@type":"WebPage","@id":"https:\/\/www.buonanotte.sk\/it\/prodotto\/gita-it\/","url":"https:\/\/www.buonanotte.sk\/it\/prodotto\/gita-it\/","name":"Gita - buonanotte.sk","isPartOf":{"@id":"https:\/\/www.buonanotte.sk\/#website"},"primaryImageOfPage":{"@id":"https:\/\/www.buonanotte.sk\/it\/prodotto\/gita-it\/#primaryimage"},"image":{"@id":"https:\/\/www.buonanotte.sk\/it\/prodotto\/gita-it\/#primaryimage"},"thumbnailUrl":"https:\/\/www.buonanotte.sk\/wp-content\/uploads\/2017\/04\/GITA-1.jpg","datePublished":"2017-04-20T11:40:38+00:00","dateModified":"2020-11-20T07:40:53+00:00","breadcrumb":{"@id":"https:\/\/www.buonanotte.sk\/it\/prodotto\/gita-it\/#breadcrumb"},"inLanguage":"it-IT","potentialAction":[{"@type":"ReadAction","target":["https:\/\/www.buonanotte.sk\/it\/prodotto\/gita-it\/"]}]},{"@type":"ImageObject","inLanguage":"it-IT","@id":"https:\/\/www.buonanotte.sk\/it\/prodotto\/gita-it\/#primaryimage","url":"https:\/\/www.buonanotte.sk\/wp-content\/uploads\/2017\/04\/GITA-1.jpg","contentUrl":"https:\/\/www.buonanotte.sk\/wp-content\/uploads\/2017\/04\/GITA-1.jpg","width":1600,"height":1600},{"@type":"BreadcrumbList","@id":"https:\/\/www.buonanotte.sk\/it\/prodotto\/gita-it\/#breadcrumb","itemListElement":[{"@type":"ListItem","position":1,"name":"Home","item":"https:\/\/www.buonanotte.sk\/it\/"},{"@type":"ListItem","position":2,"name":"Obchod","item":"https:\/\/www.buonanotte.sk\/obchod\/"},{"@type":"ListItem","position":3,"name":"Gita"}]},{"@type":"WebSite","@id":"https:\/\/www.buonanotte.sk\/#website","url":"https:\/\/www.buonanotte.sk\/","name":"buonanotte.sk","description":"e-shop materassi correttori cuscini e piumoni","publisher":{"@id":"https:\/\/www.buonanotte.sk\/#organization"},"potentialAction":[{"@type":"SearchAction","target":{"@type":"EntryPoint","urlTemplate":"https:\/\/www.buonanotte.sk\/?s={search_term_string}"},"query-input":{"@type":"PropertyValueSpecification","valueRequired":true,"valueName":"search_term_string"}}],"inLanguage":"it-IT"},{"@type":"Organization","@id":"https:\/\/www.buonanotte.sk\/#organization","name":"BUONA NOTTE s.r.o.","url":"https:\/\/www.buonanotte.sk\/","logo":{"@type":"ImageObject","inLanguage":"it-IT","@id":"https:\/\/www.buonanotte.sk\/#\/schema\/logo\/image\/","url":"https:\/\/www.buonanotte.sk\/wp-content\/uploads\/2016\/05\/logook.jpg","contentUrl":"https:\/\/www.buonanotte.sk\/wp-content\/uploads\/2016\/05\/logook.jpg","width":126,"height":55,"caption":"BUONA NOTTE s.r.o."},"image":{"@id":"https:\/\/www.buonanotte.sk\/#\/schema\/logo\/image\/"}}]}},"_links":{"self":[{"href":"https:\/\/www.buonanotte.sk\/it\/wp-json\/wp\/v2\/product\/15019","targetHints":{"allow":["GET"]}}],"collection":[{"href":"https:\/\/www.buonanotte.sk\/it\/wp-json\/wp\/v2\/product"}],"about":[{"href":"https:\/\/www.buonanotte.sk\/it\/wp-json\/wp\/v2\/types\/product"}],"replies":[{"embeddable":true,"href":"https:\/\/www.buonanotte.sk\/it\/wp-json\/wp\/v2\/comments?post=15019"}],"wp:featuredmedia":[{"embeddable":true,"href":"https:\/\/www.buonanotte.sk\/it\/wp-json\/wp\/v2\/media\/16098"}],"wp:attachment":[{"href":"https:\/\/www.buonanotte.sk\/it\/wp-json\/wp\/v2\/media?parent=15019"}],"wp:term":[{"taxonomy":"product_brand","embeddable":true,"href":"https:\/\/www.buonanotte.sk\/it\/wp-json\/wp\/v2\/product_brand?post=15019"},{"taxonomy":"product_cat","embeddable":true,"href":"https:\/\/www.buonanotte.sk\/it\/wp-json\/wp\/v2\/product_cat?post=15019"},{"taxonomy":"product_tag","embeddable":true,"href":"https:\/\/www.buonanotte.sk\/it\/wp-json\/wp\/v2\/product_tag?post=15019"}],"curies":[{"name":"wp","href":"https:\/\/api.w.org\/{rel}","templated":true}]}}